
{"id":990,"date":"2018-10-02T11:30:32","date_gmt":"2018-10-02T11:30:32","guid":{"rendered":"http:\/\/www.pnrrc.pt\/?page_id=990"},"modified":"2026-03-27T12:36:15","modified_gmt":"2026-03-27T12:36:15","slug":"990-2","status":"publish","type":"page","link":"https:\/\/www.pnrrc.pt\/index.php\/990-2\/","title":{"rendered":"Portal de Informa\u00e7\u00e3o sobre Riscos"},"content":{"rendered":"<h2 style=\"text-align: left;\"><span style=\"color: #3366ff;\"><strong>Informa\u00e7\u00e3o sobre Riscos\u00a0<\/strong><\/span><\/h2>\n<h1><\/h1>\n<p><img decoding=\"async\" loading=\"lazy\" class=\"size-full wp-image-1832 alignleft\" src=\"https:\/\/www.pnrrc.pt\/wp-content\/uploads\/2020\/09\/geoportal.png\" alt=\"\" width=\"100\" height=\"100\" \/><\/p>\n<p><span style=\"color: #000000;\">De acordo com a Lei de Bases da Prote\u00e7\u00e3o Civil, os Cidad\u00e3os assumem-se, simultaneamente, protagonistas e agentes de prote\u00e7\u00e3o civil no direito \u00e0 informa\u00e7\u00e3o sobre os riscos que correm no seu dia-a-dia e na ado\u00e7\u00e3o de medidas preventivas e comportamentos de autoprote\u00e7\u00e3o em situa\u00e7\u00e3o de emerg\u00eancia.<\/span><\/p>\n<p><span style=\"color: #000000;\">\u00c9 preciso relembrar o papel fundamental que um cidad\u00e3o bem preparado desempenha numa emerg\u00eancia, j\u00e1 que os servi\u00e7os de prote\u00e7\u00e3o e socorro nunca ser\u00e3o suficientemente lestos a prestar os cuidados necess\u00e1rios.<\/span><\/p>\n<p><span style=\"color: #000000;\">Nestas circunst\u00e2ncias, cabe ao cidad\u00e3o a importante miss\u00e3o de proteger a sua vida e a dos seus pr\u00f3ximos &#8211; fam\u00edlia, vizinhos e comunidade &#8211; socorrer quem necessite e de acordo com procedimentos antecipadamente treinados e apreendidos, informar a sua comunidade e as autoridades &#8211;\u00a0 mantendo-se ao mesmo tempo informado &#8211; e colaborar ativamente com as autoridades e agentes de prote\u00e7\u00e3o civil.<\/span><\/p>\n<p><span style=\"color: #000000;\">O objetivo principal de qualquer campanha de sensibiliza\u00e7\u00e3o na \u00e1rea da prote\u00e7\u00e3o civil dever\u00e1 ter como principal objetivo induzir altera\u00e7\u00f5es comportamentais na popula\u00e7\u00e3o, de modo a que esta esteja informada de quais os procedimentos a tomar para determinados riscos.<\/span><\/p>\n<p><a href=\"https:\/\/prociv.gov.pt\/pt\/prevencao-e-preparacao\/avaliacao-de-riscos\/inforiscos\/\"><span style=\"color: #3366ff;\"><strong><br \/>\n<img decoding=\"async\" loading=\"lazy\" class=\"aligncenter size-large wp-image-1813\" src=\"https:\/\/www.pnrrc.pt\/wp-content\/uploads\/2020\/09\/inforiscos-1024x395.png\" alt=\"\" width=\"710\" height=\"274\" srcset=\"https:\/\/www.pnrrc.pt\/wp-content\/uploads\/2020\/09\/inforiscos-1024x395.png 1024w, https:\/\/www.pnrrc.pt\/wp-content\/uploads\/2020\/09\/inforiscos-300x116.png 300w, https:\/\/www.pnrrc.pt\/wp-content\/uploads\/2020\/09\/inforiscos-768x297.png 768w, https:\/\/www.pnrrc.pt\/wp-content\/uploads\/2020\/09\/inforiscos.png 1282w\" sizes=\"(max-width: 710px) 100vw, 710px\" \/><\/strong><\/span><\/a><\/p>\n<div style=\"text-align: right;\"><a href=\"https:\/\/www.pnrrc.pt\/index.php\/geovisualizador\/\"><img decoding=\"async\" loading=\"lazy\" class=\"wp-image-1816 alignright\" src=\"https:\/\/www.pnrrc.pt\/wp-content\/uploads\/2020\/09\/clique-150x150.png\" alt=\"\" width=\"73\" height=\"73\" srcset=\"https:\/\/www.pnrrc.pt\/wp-content\/uploads\/2020\/09\/clique-150x150.png 150w, https:\/\/www.pnrrc.pt\/wp-content\/uploads\/2020\/09\/clique.png 225w\" sizes=\"(max-width: 73px) 100vw, 73px\" \/><\/a><span style=\"color: #0a96bc; text-align: right;\">Clique na Imagem para Aceder ao InfoRiscos<\/span><\/div>\n<p>&nbsp;<\/p>\n<div class=\"embed-container\" style=\"text-align: left;\"><span style=\"color: #000000;\">Esta sensibiliza\u00e7\u00e3o deve ser espec\u00edfica consoante os riscos a que as comunidades est\u00e3o sujeitas, por exemplo uma certa \u00e1rea que esteja consequentemente a ser afetada por cheias e inunda\u00e7\u00f5es, a popula\u00e7\u00e3o que a\u00ed reside deve ser informada e preparada para este tipo de risco.<\/span><\/div>\n<div style=\"text-align: left;\"><\/div>\n<div style=\"text-align: left;\"><span style=\"color: #000000;\">A sobreviv\u00eancia e a minimiza\u00e7\u00e3o dos danos depende em grande parte da forma como as pessoas lidam com o risco e se preparam para o enfrentar.<\/span><\/div>\n<p>&nbsp;<\/p>\n<div style=\"text-align: left;\"><span style=\"color: #000000;\">Entre todos os riscos, os de inunda\u00e7\u00f5es s\u00e3o, por exemplo, um dos melhores compreendidos pela popula\u00e7\u00e3o, em especial nas comunidades ribeirinhas. A sua experi\u00eancia e o conhecimento acerca destes eventos levam-nos a tomar medidas de precau\u00e7\u00e3o, como por exemplo, a coloca\u00e7\u00e3o de t\u00e1buas \u00e0 entrada de suas casas, de modo a evitar a entrada de \u00e1gua.<\/span><\/div>\n<p>&nbsp;<\/p>\n<div style=\"text-align: left;\"><span style=\"color: #000000;\"> As popula\u00e7\u00f5es poder\u00e3o dar um contributo ao n\u00edvel de ac\u00e7\u00f5es de consciencializa\u00e7\u00e3o e de planeamento para a preven\u00e7\u00e3o do risco e para o ordenamento do territ\u00f3rio, uma vez que a percep\u00e7\u00e3o que estas t\u00eam do mundo e dos seus problemas \u00e9 diferente da percep\u00e7\u00e3o dos profissionais envolvidos nessas tarefas. Por em pr\u00e1tica a participa\u00e7\u00e3o p\u00fablica \u00e9 actualmente imperioso e obrigat\u00f3rio, para que todas as partes envolvidas no processo o concretizem da melhor forma.<\/span><\/div>\n<p style=\"text-align: left;\">\n","protected":false},"excerpt":{"rendered":"<p>Informa\u00e7\u00e3o sobre Riscos\u00a0 De acordo com a Lei de Bases da Prote\u00e7\u00e3o Civil, os Cidad\u00e3os assumem-se, simultaneamente, protagonistas e agentes de prote\u00e7\u00e3o civil no direito \u00e0 informa\u00e7\u00e3o sobre os riscos que correm no seu dia-a-dia e na ado\u00e7\u00e3o de medidas<\/p>\n","protected":false},"author":2,"featured_media":0,"parent":0,"menu_order":0,"comment_status":"closed","ping_status":"closed","template":"","meta":[],"_links":{"self":[{"href":"https:\/\/www.pnrrc.pt\/index.php\/wp-json\/wp\/v2\/pages\/990"}],"collection":[{"href":"https:\/\/www.pnrrc.pt\/index.php\/wp-json\/wp\/v2\/pages"}],"about":[{"href":"https:\/\/www.pnrrc.pt\/index.php\/wp-json\/wp\/v2\/types\/page"}],"author":[{"embeddable":true,"href":"https:\/\/www.pnrrc.pt\/index.php\/wp-json\/wp\/v2\/users\/2"}],"replies":[{"embeddable":true,"href":"https:\/\/www.pnrrc.pt\/index.php\/wp-json\/wp\/v2\/comments?post=990"}],"version-history":[{"count":160,"href":"https:\/\/www.pnrrc.pt\/index.php\/wp-json\/wp\/v2\/pages\/990\/revisions"}],"predecessor-version":[{"id":2532,"href":"https:\/\/www.pnrrc.pt\/index.php\/wp-json\/wp\/v2\/pages\/990\/revisions\/2532"}],"wp:attachment":[{"href":"https:\/\/www.pnrrc.pt\/index.php\/wp-json\/wp\/v2\/media?parent=990"}],"curies":[{"name":"wp","href":"https:\/\/api.w.org\/{rel}","templated":true}]}}