
{"id":820,"date":"2017-08-18T10:22:01","date_gmt":"2017-08-18T10:22:01","guid":{"rendered":"http:\/\/www.pnrrc.pt\/?page_id=820"},"modified":"2017-08-18T11:43:17","modified_gmt":"2017-08-18T11:43:17","slug":"videos","status":"publish","type":"page","link":"https:\/\/www.pnrrc.pt\/index.php\/videos\/","title":{"rendered":"V\u00eddeos"},"content":{"rendered":"<p style=\"text-align: center;\"><span style=\"color: #000000;\">Nesta p\u00e1gina apresentamos alguns v\u00eddeos que consideramos interessantes para visualizar algumas das atividades inerentes \u00e0 redu\u00e7\u00e3o do risco de cat\u00e1strofe.<\/span><\/p>\n<p style=\"text-align: center;\"><span style=\"color: #000000;\">Para v\u00ea-los bastar\u00e1 clicar sobre os mesmos.<\/span><\/p>\n<p>&nbsp;<\/p>\n<p style=\"text-align: left;\"><span style=\"color: #000000;\">V\u00eddeo #1 &#8211; Preven\u00e7\u00e3o de Cat\u00e1strofes<\/span><\/p>\n<p><iframe loading=\"lazy\" width=\"710\" height=\"399\" src=\"https:\/\/www.youtube.com\/embed\/P8hc7E1CNJQ?feature=oembed\" frameborder=\"0\" allowfullscreen><\/iframe><\/p>\n<p>&nbsp;<\/p>\n<p style=\"text-align: left;\"><span style=\"color: #000000;\">V\u00eddeo #2 &#8211;\u00a0Criando Cidades Resilientes<\/span><\/p>\n<p><iframe loading=\"lazy\" width=\"710\" height=\"399\" src=\"https:\/\/www.youtube.com\/embed\/yPlX97oNKWs?feature=oembed\" frameborder=\"0\" allowfullscreen><\/iframe><\/p>\n<p>&nbsp;<\/p>\n","protected":false},"excerpt":{"rendered":"<p>Nesta p\u00e1gina apresentamos alguns v\u00eddeos que consideramos interessantes para visualizar algumas das atividades inerentes \u00e0 redu\u00e7\u00e3o do risco de cat\u00e1strofe. Para v\u00ea-los bastar\u00e1 clicar sobre os mesmos. &nbsp; V\u00eddeo #1 &#8211; Preven\u00e7\u00e3o de Cat\u00e1strofes &nbsp; V\u00eddeo #2 &#8211;\u00a0Criando Cidades Resilientes<\/p>\n","protected":false},"author":2,"featured_media":0,"parent":0,"menu_order":0,"comment_status":"closed","ping_status":"closed","template":"","meta":[],"_links":{"self":[{"href":"https:\/\/www.pnrrc.pt\/index.php\/wp-json\/wp\/v2\/pages\/820"}],"collection":[{"href":"https:\/\/www.pnrrc.pt\/index.php\/wp-json\/wp\/v2\/pages"}],"about":[{"href":"https:\/\/www.pnrrc.pt\/index.php\/wp-json\/wp\/v2\/types\/page"}],"author":[{"embeddable":true,"href":"https:\/\/www.pnrrc.pt\/index.php\/wp-json\/wp\/v2\/users\/2"}],"replies":[{"embeddable":true,"href":"https:\/\/www.pnrrc.pt\/index.php\/wp-json\/wp\/v2\/comments?post=820"}],"version-history":[{"count":14,"href":"https:\/\/www.pnrrc.pt\/index.php\/wp-json\/wp\/v2\/pages\/820\/revisions"}],"predecessor-version":[{"id":835,"href":"https:\/\/www.pnrrc.pt\/index.php\/wp-json\/wp\/v2\/pages\/820\/revisions\/835"}],"wp:attachment":[{"href":"https:\/\/www.pnrrc.pt\/index.php\/wp-json\/wp\/v2\/media?parent=820"}],"curies":[{"name":"wp","href":"https:\/\/api.w.org\/{rel}","templated":true}]}}