
{"id":487,"date":"2015-10-27T10:17:24","date_gmt":"2015-10-27T10:17:24","guid":{"rendered":"http:\/\/www.pnrrc.pt\/?page_id=487"},"modified":"2015-10-27T15:22:02","modified_gmt":"2015-10-27T15:22:02","slug":"area-reservada","status":"publish","type":"page","link":"https:\/\/www.pnrrc.pt\/index.php\/area-reservada\/","title":{"rendered":"\u00c1rea Reservada"},"content":{"rendered":"<p>Para Aceder \u00e0 Area Reservada fa\u00e7a login em\u00a0<a href=\"https:\/\/www.pnrrc.pt\/wp-admin\">https:\/\/www.pnrrc.pt\/wp-admin<\/a><\/p>\n<p>&nbsp;<\/p>\n","protected":false},"excerpt":{"rendered":"<p>Para Aceder \u00e0 Area Reservada fa\u00e7a login em\u00a0https:\/\/www.pnrrc.pt\/wp-admin &nbsp;<\/p>\n","protected":false},"author":2,"featured_media":0,"parent":0,"menu_order":0,"comment_status":"closed","ping_status":"closed","template":"","meta":[],"_links":{"self":[{"href":"https:\/\/www.pnrrc.pt\/index.php\/wp-json\/wp\/v2\/pages\/487"}],"collection":[{"href":"https:\/\/www.pnrrc.pt\/index.php\/wp-json\/wp\/v2\/pages"}],"about":[{"href":"https:\/\/www.pnrrc.pt\/index.php\/wp-json\/wp\/v2\/types\/page"}],"author":[{"embeddable":true,"href":"https:\/\/www.pnrrc.pt\/index.php\/wp-json\/wp\/v2\/users\/2"}],"replies":[{"embeddable":true,"href":"https:\/\/www.pnrrc.pt\/index.php\/wp-json\/wp\/v2\/comments?post=487"}],"version-history":[{"count":7,"href":"https:\/\/www.pnrrc.pt\/index.php\/wp-json\/wp\/v2\/pages\/487\/revisions"}],"predecessor-version":[{"id":501,"href":"https:\/\/www.pnrrc.pt\/index.php\/wp-json\/wp\/v2\/pages\/487\/revisions\/501"}],"wp:attachment":[{"href":"https:\/\/www.pnrrc.pt\/index.php\/wp-json\/wp\/v2\/media?parent=487"}],"curies":[{"name":"wp","href":"https:\/\/api.w.org\/{rel}","templated":true}]}}