
{"id":254,"date":"2015-10-07T15:33:26","date_gmt":"2015-10-07T15:33:26","guid":{"rendered":"http:\/\/www.pnrrc.pt\/?page_id=254"},"modified":"2023-06-16T15:00:24","modified_gmt":"2023-06-16T15:00:24","slug":"contactos","status":"publish","type":"page","link":"https:\/\/www.pnrrc.pt\/index.php\/contactos\/","title":{"rendered":"Contactos"},"content":{"rendered":"<p><span style=\"color: #000000;\"><strong>Plataforma Nacional para a Redu\u00e7\u00e3o do Risco de Cat\u00e1strofes<\/strong><\/span><\/p>\n<p><span style=\"color: #000000;\">Autoridade Nacional de Emerg\u00eancia e Prote\u00e7\u00e3o Civil<\/span><\/p>\n<p><span style=\"color: #000000;\">Avenida do Forte<\/span><br \/>\n<span style=\"color: #000000;\">2794-112 Carnaxide | Portugal<br \/>\n<\/span><\/p>\n<p><span style=\"color: #000000;\">Telefone: 21 4247100<br \/>\n<\/span><\/p>\n<p><span style=\"color: #000000;\">Email: pnrrc@prociv.pt<\/span><\/p>\n<p>&nbsp;<\/p>\n","protected":false},"excerpt":{"rendered":"<p>Plataforma Nacional para a Redu\u00e7\u00e3o do Risco de Cat\u00e1strofes Autoridade Nacional de Emerg\u00eancia e Prote\u00e7\u00e3o Civil Avenida do Forte 2794-112 Carnaxide | Portugal Telefone: 21 4247100 Email: pnrrc@prociv.pt &nbsp;<\/p>\n","protected":false},"author":2,"featured_media":0,"parent":0,"menu_order":0,"comment_status":"closed","ping_status":"closed","template":"","meta":[],"_links":{"self":[{"href":"https:\/\/www.pnrrc.pt\/index.php\/wp-json\/wp\/v2\/pages\/254"}],"collection":[{"href":"https:\/\/www.pnrrc.pt\/index.php\/wp-json\/wp\/v2\/pages"}],"about":[{"href":"https:\/\/www.pnrrc.pt\/index.php\/wp-json\/wp\/v2\/types\/page"}],"author":[{"embeddable":true,"href":"https:\/\/www.pnrrc.pt\/index.php\/wp-json\/wp\/v2\/users\/2"}],"replies":[{"embeddable":true,"href":"https:\/\/www.pnrrc.pt\/index.php\/wp-json\/wp\/v2\/comments?post=254"}],"version-history":[{"count":7,"href":"https:\/\/www.pnrrc.pt\/index.php\/wp-json\/wp\/v2\/pages\/254\/revisions"}],"predecessor-version":[{"id":2297,"href":"https:\/\/www.pnrrc.pt\/index.php\/wp-json\/wp\/v2\/pages\/254\/revisions\/2297"}],"wp:attachment":[{"href":"https:\/\/www.pnrrc.pt\/index.php\/wp-json\/wp\/v2\/media?parent=254"}],"curies":[{"name":"wp","href":"https:\/\/api.w.org\/{rel}","templated":true}]}}