
{"id":24,"date":"2015-09-17T11:31:09","date_gmt":"2015-09-17T11:31:09","guid":{"rendered":"http:\/\/www.pnrrc.pt\/?page_id=24"},"modified":"2015-10-09T13:39:10","modified_gmt":"2015-10-09T13:39:10","slug":"documentos","status":"publish","type":"page","link":"https:\/\/www.pnrrc.pt\/index.php\/inicio\/documentos\/","title":{"rendered":"Informa\u00e7\u00e3o P\u00fablica"},"content":{"rendered":"<p style=\"text-align: justify;\"><span style=\"color: #000000;\">A PNRRC desenvolve v\u00e1rias ac\u00e7\u00f5es no dom\u00ednio da sensibiliza\u00e7\u00e3o e informa\u00e7\u00e3o p\u00fablica, direccionadas \u00e0 popula\u00e7\u00e3o, no sentido da sua consciencializa\u00e7\u00e3o face aos perigos e riscos e aos comportamentos e atitudes de autoprotec\u00e7\u00e3o.<\/span><\/p>\n<p>&nbsp;<\/p>\n<p style=\"text-align: center;\"><a href=\"https:\/\/www.pnrrc.pt\/wp-content\/uploads\/2015\/10\/image.jpg\"><img decoding=\"async\" loading=\"lazy\" class=\"aligncenter size-medium wp-image-352\" src=\"https:\/\/www.pnrrc.pt\/wp-content\/uploads\/2015\/10\/image-300x130.jpg\" alt=\"image\" width=\"300\" height=\"130\" srcset=\"https:\/\/www.pnrrc.pt\/wp-content\/uploads\/2015\/10\/image-300x130.jpg 300w, https:\/\/www.pnrrc.pt\/wp-content\/uploads\/2015\/10\/image-1024x445.jpg 1024w\" sizes=\"(max-width: 300px) 100vw, 300px\" \/><\/a><\/p>\n<p>&nbsp;<\/p>\n","protected":false},"excerpt":{"rendered":"<p>A PNRRC desenvolve v\u00e1rias ac\u00e7\u00f5es no dom\u00ednio da sensibiliza\u00e7\u00e3o e informa\u00e7\u00e3o p\u00fablica, direccionadas \u00e0 popula\u00e7\u00e3o, no sentido da sua consciencializa\u00e7\u00e3o face aos perigos e riscos e aos comportamentos e atitudes de autoprotec\u00e7\u00e3o. &nbsp; &nbsp;<\/p>\n","protected":false},"author":7,"featured_media":0,"parent":10,"menu_order":0,"comment_status":"closed","ping_status":"closed","template":"","meta":[],"_links":{"self":[{"href":"https:\/\/www.pnrrc.pt\/index.php\/wp-json\/wp\/v2\/pages\/24"}],"collection":[{"href":"https:\/\/www.pnrrc.pt\/index.php\/wp-json\/wp\/v2\/pages"}],"about":[{"href":"https:\/\/www.pnrrc.pt\/index.php\/wp-json\/wp\/v2\/types\/page"}],"author":[{"embeddable":true,"href":"https:\/\/www.pnrrc.pt\/index.php\/wp-json\/wp\/v2\/users\/7"}],"replies":[{"embeddable":true,"href":"https:\/\/www.pnrrc.pt\/index.php\/wp-json\/wp\/v2\/comments?post=24"}],"version-history":[{"count":8,"href":"https:\/\/www.pnrrc.pt\/index.php\/wp-json\/wp\/v2\/pages\/24\/revisions"}],"predecessor-version":[{"id":390,"href":"https:\/\/www.pnrrc.pt\/index.php\/wp-json\/wp\/v2\/pages\/24\/revisions\/390"}],"up":[{"embeddable":true,"href":"https:\/\/www.pnrrc.pt\/index.php\/wp-json\/wp\/v2\/pages\/10"}],"wp:attachment":[{"href":"https:\/\/www.pnrrc.pt\/index.php\/wp-json\/wp\/v2\/media?parent=24"}],"curies":[{"name":"wp","href":"https:\/\/api.w.org\/{rel}","templated":true}]}}