
{"id":213,"date":"2015-10-07T13:42:05","date_gmt":"2015-10-07T13:42:05","guid":{"rendered":"http:\/\/www.pnrrc.pt\/?page_id=213"},"modified":"2015-10-09T14:09:21","modified_gmt":"2015-10-09T14:09:21","slug":"u-score-2","status":"publish","type":"page","link":"https:\/\/www.pnrrc.pt\/index.php\/u-score-2\/","title":{"rendered":"U-Score"},"content":{"rendered":"<p style=\"text-align: justify;\"><span style=\"color: #000000;\">Enquadrada na tem\u00e1tica das cidades resilientes, a ANPC e a C\u00e2mara Municipal da Amadora integram o projecto U-SCORE, co-financiado pela Comiss\u00e3o Europeia, que tem por objectivo potenciar a partilha de boas pr\u00e1ticas entre 5 cidades resilientes.<\/span><\/p>\n<p style=\"text-align: justify;\"><span style=\"color: #000000;\">Stoke-on-Trent e Salford, no Reino Unido, e J\u00f6nk\u00f6ping e Arvika, na Su\u00e9cia, acompanham a Amadora neste desafio, cujos objectivos passam por preparar melhor as cidades para um eventual cen\u00e1rio de desastre, ser uma plataforma de troca de conhecimento e experi\u00eancias entre especialistas nesta mat\u00e9ria e, ainda, envolver outros munic\u00edpios na ac\u00e7\u00e3o para a redu\u00e7\u00e3o do risco de cat\u00e1strofe.<\/span><\/p>\n<p style=\"text-align: justify;\"><span style=\"color: #000000;\">A ferramenta \u2013 <i>City Resilience Scorecard<\/i> \u2013 foi desenvolvida no \u00e2mbito da campanha &#8220;<i><a style=\"color: #000000;\" href=\"http:\/\/www.unisdr.org\/campaign\/resilientcities\/\">Making Cities Resilient<\/a>&#8220;. <\/i>O projecto U-SCORE vai ajudar a testar a ferramenta, esperando-se que d\u00ea inputs para o seu aperfei\u00e7oamento. A finalidade ser\u00e1 o fornecer a cada cidade uma an\u00e1lise da sua capacidade de resili\u00eancia e um prot\u00f3tipo de plano de ac\u00e7\u00e3o.<\/span><\/p>\n<p>&nbsp;<\/p>\n<p style=\"text-align: center;\"><span style=\"color: #000000;\"><a href=\"https:\/\/www.pnrrc.pt\/wp-content\/uploads\/2015\/10\/ucore2.jpg\"><img decoding=\"async\" loading=\"lazy\" class=\"aligncenter size-medium wp-image-395\" src=\"https:\/\/www.pnrrc.pt\/wp-content\/uploads\/2015\/10\/ucore2-300x225.jpg\" alt=\"ucore2\" width=\"300\" height=\"225\" srcset=\"https:\/\/www.pnrrc.pt\/wp-content\/uploads\/2015\/10\/ucore2-300x225.jpg 300w, https:\/\/www.pnrrc.pt\/wp-content\/uploads\/2015\/10\/ucore2-1024x768.jpg 1024w, https:\/\/www.pnrrc.pt\/wp-content\/uploads\/2015\/10\/ucore2.jpg 2048w\" sizes=\"(max-width: 300px) 100vw, 300px\" \/><\/a><\/span><\/p>\n<p>&nbsp;<\/p>\n","protected":false},"excerpt":{"rendered":"<p>Enquadrada na tem\u00e1tica das cidades resilientes, a ANPC e a C\u00e2mara Municipal da Amadora integram o projecto U-SCORE, co-financiado pela Comiss\u00e3o Europeia, que tem por objectivo potenciar a partilha de boas pr\u00e1ticas entre 5 cidades resilientes. Stoke-on-Trent e Salford, no<\/p>\n","protected":false},"author":2,"featured_media":0,"parent":0,"menu_order":0,"comment_status":"closed","ping_status":"closed","template":"","meta":[],"_links":{"self":[{"href":"https:\/\/www.pnrrc.pt\/index.php\/wp-json\/wp\/v2\/pages\/213"}],"collection":[{"href":"https:\/\/www.pnrrc.pt\/index.php\/wp-json\/wp\/v2\/pages"}],"about":[{"href":"https:\/\/www.pnrrc.pt\/index.php\/wp-json\/wp\/v2\/types\/page"}],"author":[{"embeddable":true,"href":"https:\/\/www.pnrrc.pt\/index.php\/wp-json\/wp\/v2\/users\/2"}],"replies":[{"embeddable":true,"href":"https:\/\/www.pnrrc.pt\/index.php\/wp-json\/wp\/v2\/comments?post=213"}],"version-history":[{"count":18,"href":"https:\/\/www.pnrrc.pt\/index.php\/wp-json\/wp\/v2\/pages\/213\/revisions"}],"predecessor-version":[{"id":397,"href":"https:\/\/www.pnrrc.pt\/index.php\/wp-json\/wp\/v2\/pages\/213\/revisions\/397"}],"wp:attachment":[{"href":"https:\/\/www.pnrrc.pt\/index.php\/wp-json\/wp\/v2\/media?parent=213"}],"curies":[{"name":"wp","href":"https:\/\/api.w.org\/{rel}","templated":true}]}}