
{"id":150,"date":"2015-10-07T09:47:27","date_gmt":"2015-10-07T09:47:27","guid":{"rendered":"http:\/\/www.pnrrc.pt\/?page_id=150"},"modified":"2015-10-09T14:11:37","modified_gmt":"2015-10-09T14:11:37","slug":"declaracao-de-hyogo","status":"publish","type":"page","link":"https:\/\/www.pnrrc.pt\/index.php\/declaracao-de-hyogo\/","title":{"rendered":"Quadro de Ac\u00e7\u00e3o de Hyogo para a Redu\u00e7\u00e3o do Risco de Cat\u00e1strofes"},"content":{"rendered":"<div style=\"text-align: justify;\" data-canvas-width=\"117.92000000000003\"><\/div>\n<div style=\"text-align: justify;\" data-canvas-width=\"117.92000000000003\"><\/div>\n<div style=\"text-align: justify;\" data-canvas-width=\"117.92000000000003\"><span style=\"color: #000000;\">Em 2005, na Conferencia Mundial sobre Redu\u00e7\u00e3o de Desastres, em Kobe\/Jap\u00e3o, 168 pa\u00edses membros das Na\u00e7\u00f5es Unidas, entre os quais Portugal, adoptaram, a Declara\u00e7\u00e3o de Hyogo e o Quadro de Ac\u00e7\u00e3o 2005-2015: Construir a Resili\u00eancia das Na\u00e7\u00f5es e das Comunidades face aos desastres.<\/span><\/div>\n<div style=\"text-align: justify;\" data-canvas-width=\"318.1200000000002\"><span style=\"color: #000000;\">\u00a0<\/span><\/div>\n<div style=\"text-align: justify;\" data-canvas-width=\"104.98666666666664\"><span style=\"color: #000000;\">Este documento de natureza pol\u00edtica, afirma por um lado a responsabilidade dos estados em proteger as popula\u00e7\u00f5es dos desastres, por outro lado apresenta o pensamento estrat\u00e9gico internacional concebido de modo a promover a emerg\u00eancia de uma cultura de preven\u00e7\u00e3o baseada na redu\u00e7\u00e3o das vulnerabilidades.<\/span><\/div>\n<div style=\"text-align: justify;\" data-canvas-width=\"104.98666666666664\"><\/div>\n<div style=\"text-align: justify;\" data-canvas-width=\"104.98666666666664\"><\/div>\n<p><a href=\"http:\/\/www.proteccaocivil.pt\/SistemaNacional\/Comissao\/Documents\/Hyogo-declaration-english.pdf\">http:\/\/www.proteccaocivil.pt\/SistemaNacional\/Comissao\/Documents\/Hyogo-declaration-english.pdf<\/a><\/p>\n<p>&nbsp;<\/p>\n<p style=\"text-align: center;\"><a href=\"https:\/\/www.pnrrc.pt\/wp-content\/uploads\/2015\/10\/hyogo.jpg\"><img decoding=\"async\" loading=\"lazy\" class=\"aligncenter size-medium wp-image-326\" src=\"https:\/\/www.pnrrc.pt\/wp-content\/uploads\/2015\/10\/hyogo-300x200.jpg\" alt=\"hyogo\" width=\"300\" height=\"200\" srcset=\"https:\/\/www.pnrrc.pt\/wp-content\/uploads\/2015\/10\/hyogo-300x200.jpg 300w, https:\/\/www.pnrrc.pt\/wp-content\/uploads\/2015\/10\/hyogo.jpg 330w\" sizes=\"(max-width: 300px) 100vw, 300px\" \/><\/a><\/p>\n","protected":false},"excerpt":{"rendered":"<p>Em 2005, na Conferencia Mundial sobre Redu\u00e7\u00e3o de Desastres, em Kobe\/Jap\u00e3o, 168 pa\u00edses membros das Na\u00e7\u00f5es Unidas, entre os quais Portugal, adoptaram, a Declara\u00e7\u00e3o de Hyogo e o Quadro de Ac\u00e7\u00e3o 2005-2015: Construir a Resili\u00eancia das Na\u00e7\u00f5es e das Comunidades<\/p>\n","protected":false},"author":2,"featured_media":0,"parent":0,"menu_order":0,"comment_status":"closed","ping_status":"closed","template":"","meta":[],"_links":{"self":[{"href":"https:\/\/www.pnrrc.pt\/index.php\/wp-json\/wp\/v2\/pages\/150"}],"collection":[{"href":"https:\/\/www.pnrrc.pt\/index.php\/wp-json\/wp\/v2\/pages"}],"about":[{"href":"https:\/\/www.pnrrc.pt\/index.php\/wp-json\/wp\/v2\/types\/page"}],"author":[{"embeddable":true,"href":"https:\/\/www.pnrrc.pt\/index.php\/wp-json\/wp\/v2\/users\/2"}],"replies":[{"embeddable":true,"href":"https:\/\/www.pnrrc.pt\/index.php\/wp-json\/wp\/v2\/comments?post=150"}],"version-history":[{"count":14,"href":"https:\/\/www.pnrrc.pt\/index.php\/wp-json\/wp\/v2\/pages\/150\/revisions"}],"predecessor-version":[{"id":399,"href":"https:\/\/www.pnrrc.pt\/index.php\/wp-json\/wp\/v2\/pages\/150\/revisions\/399"}],"wp:attachment":[{"href":"https:\/\/www.pnrrc.pt\/index.php\/wp-json\/wp\/v2\/media?parent=150"}],"curies":[{"name":"wp","href":"https:\/\/api.w.org\/{rel}","templated":true}]}}