
{"id":146,"date":"2015-10-07T09:46:47","date_gmt":"2015-10-07T09:46:47","guid":{"rendered":"http:\/\/www.pnrrc.pt\/?page_id=146"},"modified":"2017-07-25T09:49:59","modified_gmt":"2017-07-25T09:49:59","slug":"links-relevantes","status":"publish","type":"page","link":"https:\/\/www.pnrrc.pt\/index.php\/links-relevantes\/","title":{"rendered":"Links Relevantes"},"content":{"rendered":"<ul>\n<li style=\"text-align: justify;\"><span style=\"color: #000000;\">Secretariado das Na\u00e7\u00f5es Unidas para a Estrat\u00e9gia Internacional para a Redu\u00e7\u00e3o do Risco de Cat\u00e1strofes:<\/span>\u00a0<a href=\"https:\/\/www.unisdr.org\">https:\/\/www.unisdr.org\/<\/a><\/li>\n<li style=\"text-align: justify;\"><span style=\"color: #000000;\">Quadro de Sendai para a Redu\u00e7\u00e3o do Risco de Cat\u00e1strofes:<\/span> <a href=\"http:\/\/www.preventionweb.net\/files\/43291_sendaiframeworkfordrren.pdf\">http:\/\/www.preventionweb.net\/files\/43291_sendaiframeworkfordrren.pdf<\/a><\/li>\n<li style=\"text-align: justify;\"><span style=\"color: #000000;\">Quadro de Ac\u00e7\u00e3o de Hyogo para a Redu\u00e7\u00e3o do Risco de Cat\u00e1strofes:<\/span> <a href=\"http:\/\/www.unisdr.org\/2005\/wcdr\/intergover\/official-doc\/L-docs\/Hyogo-framework-for-action-english.pdf\">http:\/\/www.unisdr.org\/2005\/wcdr\/intergover\/official-doc\/L-docs\/Hyogo-framework-for-action-english.pdf<\/a><\/li>\n<li style=\"text-align: justify;\"><span style=\"color: #000000;\">Documento Elaborado pelo Grupo de Trabalho Cidades Resilientes do For\u00fam Europeu para a Redu\u00e7\u00e3o do Risco de Cat\u00e1strofes,\u00a0 com propostas a desenvolver pelo n\u00edvel local para aumentar a sua resili\u00eancia a cat\u00e1strofes:\u00a0<\/span><a href=\"http:\/\/www.preventionweb.net\/files\/37473_efdrrlocallevelhyogopost20150409201.pdf\">http:\/\/www.preventionweb.net\/files\/37473_efdrrlocallevelhyogopost20150409201.pdf<\/a><\/li>\n<li style=\"text-align: justify;\"><span style=\"color: #000000;\">V\u00eddeo sobre boas pr\u00e1ticas em curso em Cidades Resilientes na Europa, integrando contributos das C\u00e2maras Municipais da Amadora e Lisboa<\/span> <a href=\"https:\/\/www.youtube.com\/watch?v=YcxVThw3eeg\">https:\/\/www.youtube.com\/watch?v=YcxVThw3eeg<\/a><\/li>\n<li style=\"text-align: justify;\"><span style=\"color: #000000;\">Implementa\u00e7\u00e3o do Quadro de Ac\u00e7\u00e3o de Hyogo em Portugal <a href=\"http:\/\/www.preventionweb.net\/english\/hyogo\/progress\/reports\/v.php?id=42998&amp;pid:223\">http:\/\/www.preventionweb.net\/english\/hyogo\/progress\/reports\/v.php?id=42998&amp;pid:223<\/a><br \/>\n<\/span><\/li>\n<li style=\"text-align: justify;\"><span style=\"color: #000000;\">P\u00e1gina da Autoridade Nacional de Prote\u00e7\u00e3o Civil<\/span>\u00a0<a href=\"http:\/\/www.prociv.pt\/\">http:\/\/www.prociv.pt\/<\/a><\/li>\n<li style=\"text-align: justify;\"><span style=\"color: #000000;\">Newsletters PROCIV <a href=\"http:\/\/www.prociv.pt\/comunicacaoeducacao\/Pages\/Newsletter.aspx\">http:\/\/www.prociv.pt\/comunicacaoeducacao\/Pages\/Newsletter.aspx<\/a><br \/>\n<\/span><\/li>\n<\/ul>\n<p>&nbsp;<\/p>\n","protected":false},"excerpt":{"rendered":"<p>Secretariado das Na\u00e7\u00f5es Unidas para a Estrat\u00e9gia Internacional para a Redu\u00e7\u00e3o do Risco de Cat\u00e1strofes:\u00a0https:\/\/www.unisdr.org\/ Quadro de Sendai para a Redu\u00e7\u00e3o do Risco de Cat\u00e1strofes: http:\/\/www.preventionweb.net\/files\/43291_sendaiframeworkfordrren.pdf Quadro de Ac\u00e7\u00e3o de Hyogo para a Redu\u00e7\u00e3o do Risco de Cat\u00e1strofes: http:\/\/www.unisdr.org\/2005\/wcdr\/intergover\/official-doc\/L-docs\/Hyogo-framework-for-action-english.pdf Documento<\/p>\n","protected":false},"author":2,"featured_media":0,"parent":0,"menu_order":0,"comment_status":"closed","ping_status":"closed","template":"","meta":[],"_links":{"self":[{"href":"https:\/\/www.pnrrc.pt\/index.php\/wp-json\/wp\/v2\/pages\/146"}],"collection":[{"href":"https:\/\/www.pnrrc.pt\/index.php\/wp-json\/wp\/v2\/pages"}],"about":[{"href":"https:\/\/www.pnrrc.pt\/index.php\/wp-json\/wp\/v2\/types\/page"}],"author":[{"embeddable":true,"href":"https:\/\/www.pnrrc.pt\/index.php\/wp-json\/wp\/v2\/users\/2"}],"replies":[{"embeddable":true,"href":"https:\/\/www.pnrrc.pt\/index.php\/wp-json\/wp\/v2\/comments?post=146"}],"version-history":[{"count":19,"href":"https:\/\/www.pnrrc.pt\/index.php\/wp-json\/wp\/v2\/pages\/146\/revisions"}],"predecessor-version":[{"id":817,"href":"https:\/\/www.pnrrc.pt\/index.php\/wp-json\/wp\/v2\/pages\/146\/revisions\/817"}],"wp:attachment":[{"href":"https:\/\/www.pnrrc.pt\/index.php\/wp-json\/wp\/v2\/media?parent=146"}],"curies":[{"name":"wp","href":"https:\/\/api.w.org\/{rel}","templated":true}]}}