
{"id":143,"date":"2015-10-07T09:45:17","date_gmt":"2015-10-07T09:45:17","guid":{"rendered":"http:\/\/www.pnrrc.pt\/?page_id=143"},"modified":"2020-08-29T12:16:46","modified_gmt":"2020-08-29T12:16:46","slug":"cooperacao-internacional","status":"publish","type":"page","link":"https:\/\/www.pnrrc.pt\/index.php\/cooperacao-internacional\/","title":{"rendered":"Coopera\u00e7\u00e3o Internacional"},"content":{"rendered":"<p style=\"text-align: justify;\"><span style=\"color: #000000;\">A coopera\u00e7\u00e3o internacional \u00e9 um instrumento ao servi\u00e7o da pol\u00edtica externa refletindo, na sua generalidade, as \u00e1reas geogr\u00e1ficas e os pa\u00edses com os quais um Estado tem rela\u00e7\u00f5es preferenciais. No caso concreto da pol\u00edtica externa portuguesa, fruto da epopeia dos descobrimentos, Portugal tem fortes la\u00e7os com pa\u00edses espalhados pelos quatro cantos do globo.<\/span><\/p>\n<p style=\"text-align: justify;\"><span style=\"color: #000000;\">A coopera\u00e7\u00e3o internacional da PNRRC\u00a0integra-se nas grandes linhas da Politica Externa portuguesa,\u00a0contemplando pa\u00edses da Uni\u00e3o Europeia, do Magrebe, de \u00c1frica e da Am\u00e9rica Latina. os Pa\u00edses de L\u00edngua Oficial Portuguesa (PALOP e Timor-Leste) assumem, por raz\u00f5es hist\u00f3ricas e pela partilha de uma l\u00edngua e matriz comuns, um lugar de destaque.<\/span><\/p>\n<p>&nbsp;<\/p>\n<p style=\"text-align: center;\"><img decoding=\"async\" loading=\"lazy\" class=\"aligncenter  wp-image-1683\" src=\"https:\/\/www.pnrrc.pt\/wp-content\/uploads\/2020\/08\/teste.png\" alt=\"\" width=\"280\" height=\"234\" \/><\/p>\n<p>&nbsp;<\/p>\n","protected":false},"excerpt":{"rendered":"<p>A coopera\u00e7\u00e3o internacional \u00e9 um instrumento ao servi\u00e7o da pol\u00edtica externa refletindo, na sua generalidade, as \u00e1reas geogr\u00e1ficas e os pa\u00edses com os quais um Estado tem rela\u00e7\u00f5es preferenciais. No caso concreto da pol\u00edtica externa portuguesa, fruto da epopeia dos<\/p>\n","protected":false},"author":2,"featured_media":0,"parent":0,"menu_order":0,"comment_status":"closed","ping_status":"closed","template":"","meta":[],"_links":{"self":[{"href":"https:\/\/www.pnrrc.pt\/index.php\/wp-json\/wp\/v2\/pages\/143"}],"collection":[{"href":"https:\/\/www.pnrrc.pt\/index.php\/wp-json\/wp\/v2\/pages"}],"about":[{"href":"https:\/\/www.pnrrc.pt\/index.php\/wp-json\/wp\/v2\/types\/page"}],"author":[{"embeddable":true,"href":"https:\/\/www.pnrrc.pt\/index.php\/wp-json\/wp\/v2\/users\/2"}],"replies":[{"embeddable":true,"href":"https:\/\/www.pnrrc.pt\/index.php\/wp-json\/wp\/v2\/comments?post=143"}],"version-history":[{"count":7,"href":"https:\/\/www.pnrrc.pt\/index.php\/wp-json\/wp\/v2\/pages\/143\/revisions"}],"predecessor-version":[{"id":257,"href":"https:\/\/www.pnrrc.pt\/index.php\/wp-json\/wp\/v2\/pages\/143\/revisions\/257"}],"wp:attachment":[{"href":"https:\/\/www.pnrrc.pt\/index.php\/wp-json\/wp\/v2\/media?parent=143"}],"curies":[{"name":"wp","href":"https:\/\/api.w.org\/{rel}","templated":true}]}}