
{"id":1009,"date":"2018-10-16T10:23:38","date_gmt":"2018-10-16T10:23:38","guid":{"rendered":"http:\/\/www.pnrrc.pt\/?page_id=1009"},"modified":"2019-12-27T10:56:20","modified_gmt":"2019-12-27T10:56:20","slug":"atividades_2015_2017","status":"publish","type":"page","link":"https:\/\/www.pnrrc.pt\/index.php\/atividades_2015_2017\/","title":{"rendered":"Atividades 2015\/2017"},"content":{"rendered":"<p style=\"text-align: justify;\"><span style=\"color: #000000;\">O Plano de Atividades da PNRRC para o tri\u00e9nio 2015-2017 caracterizou-se pela persecu\u00e7\u00e3o de medidas transversais tendentes \u00e0 redu\u00e7\u00e3o de\u00a0risco e ao aumento da resili\u00eancia, tendo como linha de a\u00e7\u00e3o a cria\u00e7\u00e3o de grupos de trabalho para metas espec\u00edficas.\u00a0A saber:<\/span><\/p>\n<p>&nbsp;<\/p>\n<p style=\"text-align: center;\"><span style=\"text-decoration: underline;\"><span style=\"color: #000000;\"><strong>Atividades da PNRRC para o Tri\u00e9nio 2015-2017<\/strong><\/span><\/span><\/p>\n<p>&nbsp;<\/p>\n<table width=\"860\">\n<tbody>\n<tr>\n<td width=\"36\"><span style=\"color: #000000;\"><strong>\u00a0<\/strong><\/span><\/td>\n<td width=\"276\"><span style=\"color: #000000;\"><strong>Objectivo <\/strong><\/span><\/p>\n<p><span style=\"color: #000000;\"><strong>\u00a0<\/strong><\/span><\/td>\n<td width=\"548\"><span style=\"color: #000000;\"><strong>Ac\u00e7\u00f5es a desenvolver<\/strong><\/span><\/td>\n<\/tr>\n<tr>\n<td rowspan=\"2\" width=\"36\"><span style=\"color: #000000;\">1<\/span><\/td>\n<td rowspan=\"2\" width=\"276\"><span style=\"color: #000000;\">Avaliar a seguran\u00e7a das estruturas de ensino (baseado na campanha <a style=\"color: #000000;\" href=\"http:\/\/www.unisdr.org\/we\/campaign\/schools-hospitals\">http:\/\/www.unisdr.org\/we\/campaign\/schools-hospitals<\/a>)<\/span><\/td>\n<td width=\"548\"><span style=\"color: #000000;\">Desenvolvimento de fichas de auto-avalia\u00e7\u00e3o dos edif\u00edcios<\/span><\/td>\n<\/tr>\n<tr>\n<td width=\"548\"><span style=\"color: #000000;\">Promover o preenchimento das fichas pela direc\u00e7\u00e3o \/delegados de seguran\u00e7a das escolas<\/span><\/td>\n<\/tr>\n<tr>\n<td width=\"36\"><span style=\"color: #000000;\">2<\/span><\/td>\n<td width=\"276\"><span style=\"color: #000000;\">Cria\u00e7\u00e3o de bolsas de peritos em avalia\u00e7\u00e3o de danos estruturais<\/span><\/td>\n<td width=\"548\"><span style=\"color: #000000;\">Organiza\u00e7\u00e3o de ac\u00e7\u00f5es de forma\u00e7\u00e3o sobre avalia\u00e7\u00e3o de danos estruturais com base em fichas de avalia\u00e7\u00e3o de danos do edificado<\/span><\/td>\n<\/tr>\n<tr>\n<td rowspan=\"3\" width=\"36\"><span style=\"color: #000000;\">3<\/span><\/td>\n<td rowspan=\"3\" width=\"276\"><span style=\"color: #000000;\">Duplicar o n\u00famero de cidades resilientes em Portugal.<\/span><\/p>\n<p><span style=\"color: #000000;\">\u00a0<\/span><\/td>\n<td width=\"548\"><span style=\"color: #000000;\">Tradu\u00e7\u00e3o do guia UNISDR do processo de candidatura a cidades resilientes<\/span><\/td>\n<\/tr>\n<tr>\n<td width=\"548\"><span style=\"color: #000000;\">Organiza\u00e7\u00e3o de um semin\u00e1rio para munic\u00edpio<\/span><\/td>\n<\/tr>\n<tr>\n<td width=\"548\"><span style=\"color: #000000;\">Publica\u00e7\u00e3o de guia de boas pr\u00e1ticas<\/span><span style=\"color: #000000;\">\u00a0<\/span><\/td>\n<\/tr>\n<tr>\n<td rowspan=\"2\" width=\"36\"><span style=\"color: #000000;\">4<\/span><\/td>\n<td rowspan=\"2\" width=\"276\"><span style=\"color: #000000;\">Promover as boas pr\u00e1ticas de redu\u00e7\u00e3o do risco e aumento da resili\u00eancia das infraestruturas cr\u00edticas no sector privado<\/span><\/td>\n<td width=\"548\"><span style=\"color: #000000;\">Recolha de boas pr\u00e1ticas j\u00e1 implementadas no sector privado e sector empresarial do estado<\/span><\/td>\n<\/tr>\n<tr>\n<td width=\"548\"><span style=\"color: #000000;\">Publica\u00e7\u00e3o de manual<\/span><\/p>\n<p><span style=\"color: #000000;\">\u00a0<\/span><\/td>\n<\/tr>\n<tr>\n<td rowspan=\"2\" width=\"36\"><span style=\"color: #000000;\">5<\/span><\/td>\n<td rowspan=\"2\" width=\"276\"><span style=\"color: #000000;\">Defini\u00e7\u00e3o de ac\u00e7\u00f5es para gest\u00e3o do risco de cheia<\/span><\/td>\n<td width=\"548\"><span style=\"color: #000000;\">Elaborar documento de apoio para gest\u00e3o do risco de inunda\u00e7\u00e3o<\/span><\/td>\n<\/tr>\n<tr>\n<td width=\"548\"><span style=\"color: #000000;\">Cria\u00e7\u00e3o de metodologia para elabora\u00e7\u00e3o de cartografia de galgamentos costeiros<\/span><\/td>\n<\/tr>\n<tr>\n<td width=\"36\"><span style=\"color: #000000;\">6<\/span><\/td>\n<td width=\"276\"><span style=\"color: #000000;\">Acompanhamento das actividades da Estrat\u00e9gia Nacional de Adapta\u00e7\u00e3o a Altera\u00e7\u00f5es Clim\u00e1ticas (ENAAC)<\/span><\/p>\n<p><span style=\"color: #000000;\">\u00a0<\/span><\/td>\n<td width=\"548\"><span style=\"color: #000000;\">Defini\u00e7\u00e3o de boas pr\u00e1ticas a implementar no \u00e2mbito da ENAAAC<\/span><\/td>\n<\/tr>\n<\/tbody>\n<\/table>\n<p>&nbsp;<\/p>\n<p><span style=\"color: #000000;\">A realiza\u00e7\u00e3o destas atividades motivou o lan\u00e7amento de diversas publica\u00e7\u00f5es, <strong><a href=\"https:\/\/www.pnrrc.pt\/index.php\/publicacoes\/\">aqui dispon\u00edveis<\/a><\/strong><\/span><br \/>\n&nbsp;<br \/>\n&nbsp;<\/p>\n","protected":false},"excerpt":{"rendered":"<p>O Plano de Atividades da PNRRC para o tri\u00e9nio 2015-2017 caracterizou-se pela persecu\u00e7\u00e3o de medidas transversais tendentes \u00e0 redu\u00e7\u00e3o de\u00a0risco e ao aumento da resili\u00eancia, tendo como linha de a\u00e7\u00e3o a cria\u00e7\u00e3o de grupos de trabalho para metas espec\u00edficas.\u00a0A saber:<\/p>\n","protected":false},"author":2,"featured_media":0,"parent":0,"menu_order":0,"comment_status":"closed","ping_status":"closed","template":"","meta":[],"_links":{"self":[{"href":"https:\/\/www.pnrrc.pt\/index.php\/wp-json\/wp\/v2\/pages\/1009"}],"collection":[{"href":"https:\/\/www.pnrrc.pt\/index.php\/wp-json\/wp\/v2\/pages"}],"about":[{"href":"https:\/\/www.pnrrc.pt\/index.php\/wp-json\/wp\/v2\/types\/page"}],"author":[{"embeddable":true,"href":"https:\/\/www.pnrrc.pt\/index.php\/wp-json\/wp\/v2\/users\/2"}],"replies":[{"embeddable":true,"href":"https:\/\/www.pnrrc.pt\/index.php\/wp-json\/wp\/v2\/comments?post=1009"}],"version-history":[{"count":11,"href":"https:\/\/www.pnrrc.pt\/index.php\/wp-json\/wp\/v2\/pages\/1009\/revisions"}],"predecessor-version":[{"id":1458,"href":"https:\/\/www.pnrrc.pt\/index.php\/wp-json\/wp\/v2\/pages\/1009\/revisions\/1458"}],"wp:attachment":[{"href":"https:\/\/www.pnrrc.pt\/index.php\/wp-json\/wp\/v2\/media?parent=1009"}],"curies":[{"name":"wp","href":"https:\/\/api.w.org\/{rel}","templated":true}]}}